{"id":239,"date":"2021-06-24T13:16:42","date_gmt":"2021-06-24T13:16:42","guid":{"rendered":"https:\/\/www.wedco.tools\/?page_id=239"},"modified":"2023-03-01T13:26:56","modified_gmt":"2023-03-01T13:26:56","slug":"datenschutz","status":"publish","type":"page","link":"https:\/\/www.wedco.tools\/hu\/datenschutz\/","title":{"rendered":"Adatv\u00e9delem"},"content":{"rendered":"<div data-elementor-type=\"wp-page\" data-elementor-id=\"239\" class=\"elementor elementor-239\" data-elementor-post-type=\"page\">\n\t\t\t\t\t\t<section class=\"elementor-section elementor-top-section elementor-element elementor-element-8211312 elementor-section-boxed elementor-section-height-default elementor-section-height-default\" data-id=\"8211312\" data-element_type=\"section\" data-e-type=\"section\">\n\t\t\t\t\t\t<div class=\"elementor-container elementor-column-gap-default\">\n\t\t\t\t\t<div class=\"elementor-column elementor-col-100 elementor-top-column elementor-element elementor-element-eb66021\" data-id=\"eb66021\" data-element_type=\"column\" data-e-type=\"column\">\n\t\t\t<div class=\"elementor-widget-wrap elementor-element-populated\">\n\t\t\t\t\t\t<div class=\"elementor-element elementor-element-3af1b2a elementor-widget elementor-widget-text-editor\" data-id=\"3af1b2a\" data-element_type=\"widget\" data-e-type=\"widget\" data-widget_type=\"text-editor.default\">\n\t\t\t\t<div class=\"elementor-widget-container\">\n\t\t\t\t\t\t\t\t\t<h3 style=\"text-align: center;\"><span style=\"color: #7a7a7a;\"><strong>Automatiz\u00e1lt adatgy\u0171jt\u00e9s<\/strong><\/span><\/h3><p>Szeretn\u00e9nk felh\u00edvni a figyelmet arra, hogy az internetes adat\u00e1tvitel (pl. e-mailes kommunik\u00e1ci\u00f3 sor\u00e1n) biztons\u00e1gi hi\u00e1nyoss\u00e1gokkal j\u00e1rhat. Az adatok teljes k\u00f6r\u0171 v\u00e9delme harmadik felek hozz\u00e1f\u00e9r\u00e9s\u00e9vel szemben nem lehets\u00e9ges.<\/p><p>Szem\u00e9lyes adatainak v\u00e9delme k\u00fcl\u00f6n\u00f6sen fontos sz\u00e1munkra. Az \u00d6n adatait ez\u00e9rt kiz\u00e1r\u00f3lag a t\u00f6rv\u00e9nyi rendelkez\u00e9sek (GDPR, TKG 2003) alapj\u00e1n kezelj\u00fck. Jelen adatv\u00e9delmi t\u00e1j\u00e9koztat\u00f3ban t\u00e1j\u00e9koztatjuk \u00d6nt a weboldalunkon bel\u00fcli adatkezel\u00e9s legfontosabb szempontjair\u00f3l.<\/p><p><\/p><p>Weboldalunk \u00e1ltal\u00e1noss\u00e1gban szem\u00e9lyes adatok megad\u00e1sa n\u00e9lk\u00fcl is haszn\u00e1lhat\u00f3. Minden alkalommal, amikor felkeresik a webhelyet \u00e9s lek\u00e9rik az adatokat, a folyamatra vonatkoz\u00f3 adatokat ideiglenesen egy napl\u00f3f\u00e1jlban t\u00e1rolj\u00e1k \u00e9s feldolgozz\u00e1k. T\u00e1rol\u00e1s el\u0151tt minden adatk\u00e9szletet anonimiz\u00e1lunk az IP-c\u00edm ler\u00f6vid\u00edt\u00e9s\u00e9vel. R\u00e9szletesebben minden egyes hozz\u00e1f\u00e9r\u00e9shez\/leh\u00edv\u00e1shoz a k\u00f6vetkez\u0151 adatokat t\u00e1roljuk:<\/p><p><\/p><p>Anonim IP-c\u00edm,<br \/>D\u00e1tum \u00e9s id\u0151,<br \/>Hozz\u00e1f\u00e9r\u00e9s az oldalhoz\/URL-hez,<br \/>\u00e1tvitt adatmennyis\u00e9g,<br \/>B\u00f6ng\u00e9sz\u0151 t\u00edpusa \u00e9s verzi\u00f3ja,<br \/>Felhaszn\u00e1lt oper\u00e1ci\u00f3s rendszer,<br \/>\u00dczenet sikeres hozz\u00e1f\u00e9r\u00e9s eset\u00e9n.<br \/>Ezeket az adatokat csak statisztikai c\u00e9lokb\u00f3l \u00e9s a szolg\u00e1ltat\u00e1sunk fejleszt\u00e9se \u00e9rdek\u00e9ben elemezz\u00fck, majd t\u00f6r\u00f6lj\u00fck.<\/p><p><\/p><p>A weboldal haszn\u00e1lata sor\u00e1n cookie-kat haszn\u00e1lunk. A cookie-k olyan adatk\u00e9szletek, amelyeket az \u00d6n webb\u00f6ng\u00e9sz\u0151je t\u00e1rol, \u00e9s \u00e1lneves\u00edtett adatokat tartalmaznak. Ha ehhez az \u00d6n hozz\u00e1j\u00e1rul\u00e1sa sz\u00fcks\u00e9ges, erre csak akkor ker\u00fcl sor, ha ezt a hozz\u00e1j\u00e1rul\u00e1st megadt\u00e1k.<br \/>Internetb\u00f6ng\u00e9sz\u0151j\u00e9ben kikapcsolhatja a cookie-k haszn\u00e1lat\u00e1t, \u00e9s elt\u00e1vol\u00edthatja a m\u00e1r be\u00e1ll\u00edtott s\u00fctiket is. Err\u0151l b\u0151vebb inform\u00e1ci\u00f3t a b\u00f6ng\u00e9sz\u0151je s\u00fag\u00f3j\u00e1ban tal\u00e1l.<\/p><p><\/p><p>A \u201eVal\u00f3di Cookie Banner\u201d hozz\u00e1j\u00e1rul\u00e1si eszk\u00f6zt haszn\u00e1ljuk a haszn\u00e1lt cookie-k \u00e9s hasonl\u00f3 technol\u00f3gi\u00e1k (k\u00f6vet\u0151 pixelek, webjelz\u0151k stb.) kezel\u00e9s\u00e9re \u00e9s az ezzel kapcsolatos hozz\u00e1j\u00e1rul\u00e1s megad\u00e1s\u00e1ra. Az \"Igazi Cookie Banner\" m\u0171k\u00f6d\u00e9s\u00e9vel kapcsolatos r\u00e9szletek a k\u00f6vetkez\u0151 c\u00edmen tal\u00e1lhat\u00f3k: <a href=\"https:\/\/devowl.io\/de\/rcb\/datenverarbeitung\/\">https:\/\/devowl.io\/de\/rcb\/datenverarbeitung\/<\/a>.<\/p><p>A szem\u00e9lyes adatok feldolgoz\u00e1s\u00e1nak jogalapja ebben az \u00f6sszef\u00fcgg\u00e9sben a GDPR 6. cikke (1) bekezd\u00e9s\u00e9nek c) pontja \u00e9s a GDPR 6. cikke (1) bekezd\u00e9s\u00e9nek f) pontja. Jogos \u00e9rdek\u00fcnk a haszn\u00e1lt cookie-k \u00e9s hasonl\u00f3 technol\u00f3gi\u00e1k kezel\u00e9se, valamint a vonatkoz\u00f3 hozz\u00e1j\u00e1rul\u00e1sok.<\/p><p>A szem\u00e9lyes adatok megad\u00e1s\u00e1t tov\u00e1bbra is szerz\u0151d\u00e9s \u00edrja el\u0151, \u00e9s nem sz\u00fcks\u00e9ges szerz\u0151d\u00e9sk\u00f6t\u00e9shez. Nem k\u00f6teles megadni a szem\u00e9lyes adatokat. Ha nem adja meg szem\u00e9lyes adatait, a hozz\u00e1j\u00e1rul\u00e1sait nem tudjuk kezelni.<\/p>\t\t\t\t\t\t\t\t<\/div>\n\t\t\t\t<\/div>\n\t\t\t\t\t<\/div>\n\t\t<\/div>\n\t\t\t\t\t<\/div>\n\t\t<\/section>\n\t\t\t\t<section class=\"elementor-section elementor-top-section elementor-element elementor-element-d280860 elementor-section-boxed elementor-section-height-default elementor-section-height-default\" data-id=\"d280860\" data-element_type=\"section\" data-e-type=\"section\">\n\t\t\t\t\t\t<div class=\"elementor-container elementor-column-gap-default\">\n\t\t\t\t\t<div class=\"elementor-column elementor-col-100 elementor-top-column elementor-element elementor-element-c88d504\" data-id=\"c88d504\" data-element_type=\"column\" data-e-type=\"column\">\n\t\t\t<div class=\"elementor-widget-wrap elementor-element-populated\">\n\t\t\t\t\t\t<div class=\"elementor-element elementor-element-8a67632 elementor-widget elementor-widget-text-editor\" data-id=\"8a67632\" data-element_type=\"widget\" data-e-type=\"widget\" data-widget_type=\"text-editor.default\">\n\t\t\t\t<div class=\"elementor-widget-container\">\n\t\t\t\t\t\t\t\t\t<h3 style=\"text-align: center;\"><span style=\"color: #7a7a7a;\"><strong>Vegye fel vel\u00fcnk a kapcsolatot<\/strong><\/span><\/h3><p style=\"text-align: left;\">Ha a weboldalon tal\u00e1lhat\u00f3 \u0171rlapon vagy e-mailben keres meg minket, az \u00d6n \u00e1ltal megadott adatokat a k\u00e9relem feldolgoz\u00e1sa \u00e9s az azt k\u00f6vet\u0151 k\u00e9rd\u00e9sek eset\u00e9n hat h\u00f3napig t\u00e1roljuk n\u00e1lunk. Ezeket az adatokat az \u00d6n hozz\u00e1j\u00e1rul\u00e1sa n\u00e9lk\u00fcl nem adjuk tov\u00e1bb.<\/p><p style=\"text-align: left;\"><strong>Nemzeti adatv\u00e9delmi szab\u00e1lyoz\u00e1s Ausztri\u00e1ban<\/strong>: Az \u00c1ltal\u00e1nos Adatv\u00e9delmi Szab\u00e1lyzat adatv\u00e9delmi el\u0151\u00edr\u00e1sai mellett Ausztri\u00e1ban a nemzeti adatv\u00e9delmi el\u0151\u00edr\u00e1sok \u00e9rv\u00e9nyesek. Ide tartozik k\u00fcl\u00f6n\u00f6sen a term\u00e9szetes szem\u00e9lyek szem\u00e9lyes adatok feldolgoz\u00e1sa sor\u00e1n t\u00f6rt\u00e9n\u0151 v\u00e9delm\u00e9r\u0151l sz\u00f3l\u00f3 sz\u00f6vets\u00e9gi t\u00f6rv\u00e9ny (adatv\u00e9delmi t\u00f6rv\u00e9ny \u2013 DSG). Az adatv\u00e9delmi t\u00f6rv\u00e9ny k\u00fcl\u00f6n\u00f6s szab\u00e1lyoz\u00e1st tartalmaz a t\u00e1j\u00e9koztat\u00e1shoz val\u00f3 jogr\u00f3l, a helyesb\u00edt\u00e9shez vagy t\u00f6rl\u00e9shez val\u00f3 jogr\u00f3l, a szem\u00e9lyes adatok k\u00fcl\u00f6nleges kateg\u00f3ri\u00e1inak kezel\u00e9s\u00e9r\u0151l, az egy\u00e9b c\u00e9l\u00fa adatkezel\u00e9sr\u0151l \u00e9s tov\u00e1bb\u00edt\u00e1sr\u00f3l, valamint az egyedi \u00fcgyekben t\u00f6rt\u00e9n\u0151 automatiz\u00e1lt d\u00f6nt\u00e9shozatalr\u00f3l.<\/p>\t\t\t\t\t\t\t\t<\/div>\n\t\t\t\t<\/div>\n\t\t\t\t\t<\/div>\n\t\t<\/div>\n\t\t\t\t\t<\/div>\n\t\t<\/section>\n\t\t\t\t<section class=\"elementor-section elementor-top-section elementor-element elementor-element-e3809b4 elementor-section-boxed elementor-section-height-default elementor-section-height-default\" data-id=\"e3809b4\" data-element_type=\"section\" data-e-type=\"section\">\n\t\t\t\t\t\t<div class=\"elementor-container elementor-column-gap-default\">\n\t\t\t\t\t<div class=\"elementor-column elementor-col-100 elementor-top-column elementor-element elementor-element-3a5944a\" data-id=\"3a5944a\" data-element_type=\"column\" data-e-type=\"column\">\n\t\t\t<div class=\"elementor-widget-wrap elementor-element-populated\">\n\t\t\t\t\t\t<div class=\"elementor-element elementor-element-51ae5b1 elementor-widget elementor-widget-text-editor\" data-id=\"51ae5b1\" data-element_type=\"widget\" data-e-type=\"widget\" data-widget_type=\"text-editor.default\">\n\t\t\t\t<div class=\"elementor-widget-container\">\n\t\t\t\t\t\t\t\t\t<h3 style=\"text-align: center;\"><span style=\"color: #7a7a7a;\"><strong>Adatt\u00e1rol\u00e1s<\/strong><\/span><\/h3>\n<p style=\"text-align: left;\"><span style=\"font-size: 14px; color: var( --e-global-color-text );\">Szem\u00e9lyes adatokat csak akkor gy\u0171jt\u00fcnk, ha \u00d6n \u00f6nk\u00e9ntesen megadja azokat sz\u00e1munkra \u00e1rurendel\u00e9skor vagy \u00fcgyf\u00e9lsz\u00e1mla nyit\u00e1sakor. Az \u00d6n \u00e1ltal megadott adatok a szerz\u0151d\u00e9s teljes\u00edt\u00e9s\u00e9hez vagy a szerz\u0151d\u00e9sk\u00f6t\u00e9st megel\u0151z\u0151 int\u00e9zked\u00e9sek v\u00e9grehajt\u00e1s\u00e1hoz sz\u00fcks\u00e9gesek. Ezen adatok n\u00e9lk\u00fcl nem tudjuk \u00d6nnel szerz\u0151d\u00e9st k\u00f6tni. Harmadik f\u00e9l r\u00e9sz\u00e9re adattov\u00e1bb\u00edt\u00e1sra nem ker\u00fcl sor, kiv\u00e9ve az \u00e1ltalunk az \u00e1ru kisz\u00e1ll\u00edt\u00e1s\u00e1val megb\u00edzott fuvaroz\u00f3 c\u00e9gnek\/sz\u00e1ll\u00edtm\u00e1nyoz\u00f3 c\u00e9gnek, illetve ad\u00f3z\u00e1si k\u00f6telezetts\u00e9geink teljes\u00edt\u00e9s\u00e9re ad\u00f3tan\u00e1csad\u00f3nknak t\u00f6rt\u00e9n\u0151 tov\u00e1bb\u00edt\u00e1st. A v\u00e1s\u00e1rl\u00e1si folyamat megszak\u00edt\u00e1s\u00e1t k\u00f6vet\u0151en az \u00e1ltalunk t\u00e1rolt adatok t\u00f6rl\u00e9sre ker\u00fclnek. Szerz\u0151d\u00e9sk\u00f6t\u00e9s eset\u00e9n a szerz\u0151d\u00e9ses jogviszonyb\u00f3l sz\u00e1rmaz\u00f3 \u00f6sszes adatot az ad\u00f3meg\u0151rz\u00e9si id\u0151szak (7 \u00e9v) v\u00e9g\u00e9ig t\u00e1roljuk. Az adatokat a n\u00e9v, c\u00edm, v\u00e1s\u00e1rolt \u00e1ru \u00e9s a v\u00e1s\u00e1rl\u00e1s d\u00e1tuma is a term\u00e9kszavatoss\u00e1gi id\u0151 lej\u00e1rt\u00e1ig (10 \u00e9vig) t\u00e1roljuk. Az adatkezel\u00e9s a DSGVO 96. \u00a7-a 3. bekezd\u00e9s\u00e9nek \u00e9s a 6. cikk (1) bekezd\u00e9s\u00e9nek lit a (hozz\u00e1j\u00e1rul\u00e1s) \u00e9s\/vagy lit b (a szerz\u0151d\u00e9s teljes\u00edt\u00e9s\u00e9hez sz\u00fcks\u00e9ges) jogszab\u00e1lyi rendelkez\u00e9sei alapj\u00e1n t\u00f6rt\u00e9nik.<\/span><br><\/p>\t\t\t\t\t\t\t\t<\/div>\n\t\t\t\t<\/div>\n\t\t\t\t\t<\/div>\n\t\t<\/div>\n\t\t\t\t\t<\/div>\n\t\t<\/section>\n\t\t\t\t<section class=\"elementor-section elementor-top-section elementor-element elementor-element-f7f9173 elementor-section-boxed elementor-section-height-default elementor-section-height-default\" data-id=\"f7f9173\" data-element_type=\"section\" data-e-type=\"section\">\n\t\t\t\t\t\t<div class=\"elementor-container elementor-column-gap-default\">\n\t\t\t\t\t<div class=\"elementor-column elementor-col-100 elementor-top-column elementor-element elementor-element-2165e70\" data-id=\"2165e70\" data-element_type=\"column\" data-e-type=\"column\">\n\t\t\t<div class=\"elementor-widget-wrap elementor-element-populated\">\n\t\t\t\t\t\t<div class=\"elementor-element elementor-element-bbaefed elementor-widget elementor-widget-text-editor\" data-id=\"bbaefed\" data-element_type=\"widget\" data-e-type=\"widget\" data-widget_type=\"text-editor.default\">\n\t\t\t\t<div class=\"elementor-widget-container\">\n\t\t\t\t\t\t\t\t\t<h3 style=\"font-variant-ligatures: normal; font-variant-caps: normal; font-style: normal; text-align: center;\"><span style=\"font-size: 18px; color: #7a7a7a;\">Az \u00d6n jogai<\/span><\/h3><p style=\"font-variant-ligatures: normal; font-variant-caps: normal; font-family: Roboto, sans-serif; font-size: 14px; font-style: normal; font-weight: 400; color: #7a7a7a; text-align: left;\">Elvileg joga van a t\u00e1j\u00e9koztat\u00e1shoz, a helyesb\u00edt\u00e9shez, t\u00f6rl\u00e9shez, korl\u00e1toz\u00e1shoz, adattov\u00e1bb\u00edt\u00e1shoz, visszavon\u00e1shoz \u00e9s tiltakoz\u00e1shoz. Ha \u00fagy v\u00e9li, hogy adatai kezel\u00e9se s\u00e9rti az adatv\u00e9delmi t\u00f6rv\u00e9nyt, vagy adatv\u00e9delmi jogait egy\u00e9bk\u00e9nt b\u00e1rmilyen m\u00f3don megs\u00e9rtett\u00e9k, panaszt tehet a fel\u00fcgyeleti hat\u00f3s\u00e1gn\u00e1l. Ausztri\u00e1ban ez az adatv\u00e9delmi hat\u00f3s\u00e1g.<\/p>\t\t\t\t\t\t\t\t<\/div>\n\t\t\t\t<\/div>\n\t\t\t\t\t<\/div>\n\t\t<\/div>\n\t\t\t\t\t<\/div>\n\t\t<\/section>\n\t\t\t\t<section class=\"elementor-section elementor-top-section elementor-element elementor-element-1a92a3a elementor-section-boxed elementor-section-height-default elementor-section-height-default\" data-id=\"1a92a3a\" data-element_type=\"section\" data-e-type=\"section\">\n\t\t\t\t\t\t<div class=\"elementor-container elementor-column-gap-default\">\n\t\t\t\t\t<div class=\"elementor-column elementor-col-100 elementor-top-column elementor-element elementor-element-1293274\" data-id=\"1293274\" data-element_type=\"column\" data-e-type=\"column\">\n\t\t\t<div class=\"elementor-widget-wrap elementor-element-populated\">\n\t\t\t\t\t\t<div class=\"elementor-element elementor-element-f59a09f elementor-widget elementor-widget-text-editor\" data-id=\"f59a09f\" data-element_type=\"widget\" data-e-type=\"widget\" data-widget_type=\"text-editor.default\">\n\t\t\t\t<div class=\"elementor-widget-container\">\n\t\t\t\t\t\t\t\t\t<h3 style=\"text-align: center;\"><span style=\"color: #7a7a7a;\"><strong>Lehets\u00e9ges v\u00e1ltoz\u00e1s az adatv\u00e9delmi szab\u00e1lyzatunkban<\/strong><\/span><\/h3><p style=\"margin-bottom: 18pt; text-align: left;\"><span style=\"font-family: Arial, sans-serif; color: #7a7a7a;\">Javasoljuk, hogy rendszeresen t\u00e1j\u00e9koz\u00f3djon err\u0151l az adatv\u00e9delmi nyilatkozatr\u00f3l, mivel az esetleges v\u00e1ltoztat\u00e1sok b\u00e1rmikor m\u00f3dos\u00edt\u00e1st vonhatnak maguk ut\u00e1n.<\/span><\/p>\t\t\t\t\t\t\t\t<\/div>\n\t\t\t\t<\/div>\n\t\t\t\t\t<\/div>\n\t\t<\/div>\n\t\t\t\t\t<\/div>\n\t\t<\/section>\n\t\t\t\t<section class=\"elementor-section elementor-top-section elementor-element elementor-element-8a3f0fa elementor-section-boxed elementor-section-height-default elementor-section-height-default\" data-id=\"8a3f0fa\" data-element_type=\"section\" data-e-type=\"section\">\n\t\t\t\t\t\t<div class=\"elementor-container elementor-column-gap-default\">\n\t\t\t\t\t<div class=\"elementor-column elementor-col-100 elementor-top-column elementor-element elementor-element-970938a\" data-id=\"970938a\" data-element_type=\"column\" data-e-type=\"column\">\n\t\t\t<div class=\"elementor-widget-wrap elementor-element-populated\">\n\t\t\t\t\t\t<div class=\"elementor-element elementor-element-7e4784c elementor-widget elementor-widget-text-editor\" data-id=\"7e4784c\" data-element_type=\"widget\" data-e-type=\"widget\" data-widget_type=\"text-editor.default\">\n\t\t\t\t<div class=\"elementor-widget-container\">\n\t\t\t\t\t\t\t\t\t<h3 style=\"text-align: center;\"><span style=\"color: #7a7a7a;\"><strong>Telep\u00edt\u00e9s okostelefonos alkalmaz\u00e1sk\u00e9nt<\/strong><\/span><\/h3><p style=\"text-align: left;\">Az alkalmaz\u00e1s k\u00f6zvetlen\u00fcl a webhelyr\u0151l szerezhet\u0151 be, \u00e9s telep\u00edthet\u0151 mobileszk\u00f6z\u00e9re. Ez\u00e9rt a telep\u00edt\u00e9shez nincs sz\u00fcks\u00e9g m\u00e1s szolg\u00e1ltat\u00f3k online platformjaira (\"alkalmaz\u00e1sboltok\"). Ez\u00e9rt adatv\u00e9delmi t\u00e1j\u00e9koztat\u00f3nk kiz\u00e1r\u00f3lag ebben az \u00f6sszef\u00fcgg\u00e9sben \u00e9rv\u00e9nyes.<\/p>\t\t\t\t\t\t\t\t<\/div>\n\t\t\t\t<\/div>\n\t\t\t\t\t<\/div>\n\t\t<\/div>\n\t\t\t\t\t<\/div>\n\t\t<\/section>\n\t\t\t\t<section class=\"elementor-section elementor-top-section elementor-element elementor-element-28466b9 elementor-section-boxed elementor-section-height-default elementor-section-height-default\" data-id=\"28466b9\" data-element_type=\"section\" data-e-type=\"section\">\n\t\t\t\t\t\t<div class=\"elementor-container elementor-column-gap-default\">\n\t\t\t\t\t<div class=\"elementor-column elementor-col-100 elementor-top-column elementor-element elementor-element-d656de1\" data-id=\"d656de1\" data-element_type=\"column\" data-e-type=\"column\">\n\t\t\t<div class=\"elementor-widget-wrap elementor-element-populated\">\n\t\t\t\t\t\t<div class=\"elementor-element elementor-element-caced86 elementor-widget elementor-widget-text-editor\" data-id=\"caced86\" data-element_type=\"widget\" data-e-type=\"widget\" data-widget_type=\"text-editor.default\">\n\t\t\t\t<div class=\"elementor-widget-container\">\n\t\t\t\t\t\t\t\t\t<h3 style=\"text-align: center;\"><span style=\"color: #7a7a7a;\"><strong>Az \u00d6n jogai<\/strong><\/span><\/h3><p style=\"text-align: left;\">Elvileg joga van a t\u00e1j\u00e9koztat\u00e1shoz, a helyesb\u00edt\u00e9shez, t\u00f6rl\u00e9shez, korl\u00e1toz\u00e1shoz, adattov\u00e1bb\u00edt\u00e1shoz, visszavon\u00e1shoz \u00e9s tiltakoz\u00e1shoz. Ha \u00fagy v\u00e9li, hogy adatai kezel\u00e9se s\u00e9rti az adatv\u00e9delmi t\u00f6rv\u00e9nyt, vagy adatv\u00e9delmi jogait egy\u00e9bk\u00e9nt b\u00e1rmilyen m\u00f3don megs\u00e9rtett\u00e9k, panaszt tehet a fel\u00fcgyeleti hat\u00f3s\u00e1gn\u00e1l. Ausztri\u00e1ban ez az adatv\u00e9delmi hat\u00f3s\u00e1g.<\/p><p style=\"text-align: center;\">Az al\u00e1bbi el\u00e9rhet\u0151s\u00e9geken \u00e9rhet el minket:<br \/><strong>A megfogalmaz\u00e1sokban \u00e9s t\u00e9m\u00e1kban hib\u00e1k el\u0151fordulhatnak<\/strong><br \/>Hermann-Gebauer-Stra\u00dfe 12<br \/>1220 Wien<br \/>office@wedco.at<br \/>+43 1 480 27 70 &#8211; 0<\/p>\t\t\t\t\t\t\t\t<\/div>\n\t\t\t\t<\/div>\n\t\t\t\t\t<\/div>\n\t\t<\/div>\n\t\t\t\t\t<\/div>\n\t\t<\/section>\n\t\t\t\t<\/div>","protected":false},"excerpt":{"rendered":"<p>Automatisierte Datenerhebung Wir weisen darauf hin, dass die Daten\u00fcbertragung im Internet (z.B. bei der Kommunikation per E-Mail) Sicherheitsl\u00fccken aufweisen kann. Ein l\u00fcckenloser Schutz der Daten vor dem Zugriff durch Dritte ist nicht m\u00f6glich. Der Schutz Ihrer pers\u00f6nlichen Daten ist uns ein besonderes Anliegen. Wir verarbeiten Ihre Daten daher ausschlie\u00dflich auf Grundlage der gesetzlichen Bestimmungen (DSGVO, [&hellip;]<\/p>\n","protected":false},"author":1,"featured_media":0,"parent":0,"menu_order":0,"comment_status":"closed","ping_status":"closed","template":"","meta":{"ocean_post_layout":"","ocean_both_sidebars_style":"","ocean_both_sidebars_content_width":0,"ocean_both_sidebars_sidebars_width":0,"ocean_sidebar":"0","ocean_second_sidebar":"0","ocean_disable_margins":"enable","ocean_add_body_class":"","ocean_shortcode_before_top_bar":"","ocean_shortcode_after_top_bar":"","ocean_shortcode_before_header":"","ocean_shortcode_after_header":"","ocean_has_shortcode":"","ocean_shortcode_after_title":"","ocean_shortcode_before_footer_widgets":"","ocean_shortcode_after_footer_widgets":"","ocean_shortcode_before_footer_bottom":"","ocean_shortcode_after_footer_bottom":"","ocean_display_top_bar":"default","ocean_display_header":"default","ocean_header_style":"","ocean_center_header_left_menu":"0","ocean_custom_header_template":"0","ocean_custom_logo":0,"ocean_custom_retina_logo":0,"ocean_custom_logo_max_width":0,"ocean_custom_logo_tablet_max_width":0,"ocean_custom_logo_mobile_max_width":0,"ocean_custom_logo_max_height":0,"ocean_custom_logo_tablet_max_height":0,"ocean_custom_logo_mobile_max_height":0,"ocean_header_custom_menu":"0","ocean_menu_typo_font_family":"0","ocean_menu_typo_font_subset":"","ocean_menu_typo_font_size":0,"ocean_menu_typo_font_size_tablet":0,"ocean_menu_typo_font_size_mobile":0,"ocean_menu_typo_font_size_unit":"px","ocean_menu_typo_font_weight":"","ocean_menu_typo_font_weight_tablet":"","ocean_menu_typo_font_weight_mobile":"","ocean_menu_typo_transform":"","ocean_menu_typo_transform_tablet":"","ocean_menu_typo_transform_mobile":"","ocean_menu_typo_line_height":0,"ocean_menu_typo_line_height_tablet":0,"ocean_menu_typo_line_height_mobile":0,"ocean_menu_typo_line_height_unit":"","ocean_menu_typo_spacing":0,"ocean_menu_typo_spacing_tablet":0,"ocean_menu_typo_spacing_mobile":0,"ocean_menu_typo_spacing_unit":"","ocean_menu_link_color":"","ocean_menu_link_color_hover":"","ocean_menu_link_color_active":"","ocean_menu_link_background":"","ocean_menu_link_hover_background":"","ocean_menu_link_active_background":"","ocean_menu_social_links_bg":"","ocean_menu_social_hover_links_bg":"","ocean_menu_social_links_color":"","ocean_menu_social_hover_links_color":"","ocean_disable_title":"default","ocean_disable_heading":"default","ocean_post_title":"","ocean_post_subheading":"","ocean_post_title_style":"","ocean_post_title_background_color":"","ocean_post_title_background":0,"ocean_post_title_bg_image_position":"","ocean_post_title_bg_image_attachment":"","ocean_post_title_bg_image_repeat":"","ocean_post_title_bg_image_size":"","ocean_post_title_height":0,"ocean_post_title_bg_overlay":0.5,"ocean_post_title_bg_overlay_color":"","ocean_disable_breadcrumbs":"default","ocean_breadcrumbs_color":"","ocean_breadcrumbs_separator_color":"","ocean_breadcrumbs_links_color":"","ocean_breadcrumbs_links_hover_color":"","ocean_display_footer_widgets":"default","ocean_display_footer_bottom":"default","ocean_custom_footer_template":"0","footnotes":""},"class_list":["post-239","page","type-page","status-publish","hentry","entry"],"_links":{"self":[{"href":"https:\/\/www.wedco.tools\/hu\/wp-json\/wp\/v2\/pages\/239","targetHints":{"allow":["GET"]}}],"collection":[{"href":"https:\/\/www.wedco.tools\/hu\/wp-json\/wp\/v2\/pages"}],"about":[{"href":"https:\/\/www.wedco.tools\/hu\/wp-json\/wp\/v2\/types\/page"}],"author":[{"embeddable":true,"href":"https:\/\/www.wedco.tools\/hu\/wp-json\/wp\/v2\/users\/1"}],"replies":[{"embeddable":true,"href":"https:\/\/www.wedco.tools\/hu\/wp-json\/wp\/v2\/comments?post=239"}],"version-history":[{"count":18,"href":"https:\/\/www.wedco.tools\/hu\/wp-json\/wp\/v2\/pages\/239\/revisions"}],"predecessor-version":[{"id":625,"href":"https:\/\/www.wedco.tools\/hu\/wp-json\/wp\/v2\/pages\/239\/revisions\/625"}],"wp:attachment":[{"href":"https:\/\/www.wedco.tools\/hu\/wp-json\/wp\/v2\/media?parent=239"}],"curies":[{"name":"wp","href":"https:\/\/api.w.org\/{rel}","templated":true}]}}